{"id":423,"date":"2022-04-18T12:33:02","date_gmt":"2022-04-18T12:33:02","guid":{"rendered":"https:\/\/startersites.io\/blocksy\/home-decor\/?post_type=product&#038;p=423"},"modified":"2024-11-05T10:30:31","modified_gmt":"2024-11-05T10:30:31","slug":"cigarette-tipping-paper","status":"publish","type":"product","link":"https:\/\/kayuyin.com\/fr\/produit\/cigarette-tipping-paper\/","title":{"rendered":"Papier \u00e0 cigarettes"},"content":{"rendered":"<p>Le papier \u00e0 bascule est l'un des mat\u00e9riaux non-tabac les plus importants dans l'emballage des cigarettes. Au fil des ans, les technologies de fabrication du papier pour bascule ont \u00e9t\u00e9 progressivement am\u00e9lior\u00e9es, passant de la simple impression 1 ou 2 couleurs \u00e0 l'impression multicolore, \u00e0 la microperforation\/laser et \u00e0 l'estampage \u00e0 chaud, etc.<\/p>\n<p>Nowadays, a great part of tipping papers is carrying the brand names and logos of the cigarettes. In some sense, the quality of tipping papers represents the quality of the cigarettes. Customers are attaching greater importance to the design and quality of tipping paper, in order to make sure exclusive appearances to reflect the brand images.<\/p>\n<p><a href=\"https:\/\/kayuyin.com\/fr\/\"><strong>KAYUYIN Printing<\/strong><\/a> is taking advanced machines to produce tipping paper. Multicolor printing, high porosity of laser perforation and hotfoil stamping are all available in our factory. In order to meet the demands in the market, in recent years we also produce sweet and flavoring tipping paper. We are capable of producing 400 tons of tipping paper each month.<\/p>\n<p data-fontsize=\"15\" data-lineheight=\"22\"><strong>Cigarette tipping paper<\/strong> is developed and designed to meet cigarette production demands only. We are offering different options of tipping paper for your choice on cigarette making process. Tipping paper is the most external layer of cigarette tips with special printing pattern and colors. It\u2019s available in different specification such as width, printing pattern, color and thickness. Customers can find below our options for <strong>cigarette tipping paper<\/strong>.<\/p>","protected":false},"excerpt":{"rendered":"<div class=\"wpforms-container \" id=\"wpforms-1440\">\n<form id=\"wpforms-form-1440\" class=\"wpforms-validate wpforms-form wpforms-ajax-form\" data-formid=\"1440\" method=\"post\" enctype=\"multipart\/form-data\" action=\"\/fr\/wp-json\/wp\/v2\/product\/423\" data-token=\"5d9b54338f74c198cebf3548894604e9\" data-token-time=\"1775904205\"><noscript class=\"wpforms-error-noscript\">Veuillez activer JavaScript dans votre navigateur pour remplir ce formulaire.<\/noscript><\/p>\n<div class=\"wpforms-field-container\">\n<div id=\"wpforms-1440-field_1-container\" class=\"wpforms-field wpforms-field-name\" data-field-id=\"1\"><label class=\"wpforms-field-label\">Name <span class=\"wpforms-required-label\">*<\/span><\/label><\/p>\n<div class=\"wpforms-field-row wpforms-field-medium\">\n<div class=\"wpforms-field-row-block wpforms-first wpforms-one-half\"><input type=\"text\" id=\"wpforms-1440-field_1\" class=\"wpforms-field-name-first wpforms-field-required\" name=\"wpforms[fields][1][first]\" required><label for=\"wpforms-1440-field_1\" class=\"wpforms-field-sublabel after\">Pr\u00e9nom<\/label><\/div>\n<div class=\"wpforms-field-row-block wpforms-one-half\"><input type=\"text\" id=\"wpforms-1440-field_1-last\" class=\"wpforms-field-name-last wpforms-field-required\" name=\"wpforms[fields][1][last]\" required><label for=\"wpforms-1440-field_1-last\" class=\"wpforms-field-sublabel after\">Nom<\/label><\/div>\n<\/div>\n<\/div>\n<div id=\"wpforms-1440-field_2-container\" class=\"wpforms-field wpforms-field-email\" data-field-id=\"2\"><label class=\"wpforms-field-label\" for=\"wpforms-1440-field_2\">Email <span class=\"wpforms-required-label\">*<\/span><\/label><input type=\"email\" id=\"wpforms-1440-field_2\" class=\"wpforms-field-medium wpforms-field-required\" name=\"wpforms[fields][2]\" spellcheck=\"false\" required><\/div>\n<div id=\"wpforms-1440-field_5-container\"\n\t\t\tclass=\"wpforms-field wpforms-field-text\"\n\t\t\tdata-field-type=\"text\"\n\t\t\tdata-field-id=\"5\"\n\t\t\t><br \/>\n\t\t\t<label class=\"wpforms-field-label\" for=\"wpforms-1440-field_5\" >Name Message Email<\/label><br \/>\n\t\t\t<input type=\"text\" id=\"wpforms-1440-field_5\" class=\"wpforms-field-medium\" name=\"wpforms[fields][5]\" >\n\t\t<\/div>\n<div id=\"wpforms-1440-field_4-container\" class=\"wpforms-field wpforms-field-text\" data-field-id=\"4\"><label class=\"wpforms-field-label\" for=\"wpforms-1440-field_4\">WhatsApp+(Country code)<\/label><input type=\"text\" id=\"wpforms-1440-field_4\" class=\"wpforms-field-medium\" name=\"wpforms[fields][4]\" ><\/div>\n<div id=\"wpforms-1440-field_3-container\" class=\"wpforms-field wpforms-field-textarea\" data-field-id=\"3\"><label class=\"wpforms-field-label\" for=\"wpforms-1440-field_3\">Comment or Message <span class=\"wpforms-required-label\">*<\/span><\/label><textarea id=\"wpforms-1440-field_3\" class=\"wpforms-field-medium wpforms-field-required\" name=\"wpforms[fields][3]\" required><\/textarea><\/div>\n<p><script>\n\t\t\t\t( function() {\n\t\t\t\t\tconst style = document.createElement( 'style' );\n\t\t\t\t\tstyle.appendChild( document.createTextNode( '#wpforms-1440-field_5-container { position: absolute !important; overflow: hidden !important; display: inline !important; height: 1px !important; width: 1px !important; z-index: -1000 !important; padding: 0 !important; } #wpforms-1440-field_5-container input { visibility: hidden; } #wpforms-conversational-form-page #wpforms-1440-field_5-container label { counter-increment: none; }' ) );\n\t\t\t\t\tdocument.head.appendChild( style );\n\t\t\t\t\tdocument.currentScript?.remove();\n\t\t\t\t} )();\n\t\t\t<\/script><\/div>\n<p><!-- .wpforms-field-container --><\/p>\n<div class=\"wpforms-submit-container\" ><input type=\"hidden\" name=\"wpforms[id]\" value=\"1440\"><input type=\"hidden\" name=\"page_title\" value=\"\"><input type=\"hidden\" name=\"page_url\" value=\"https:\/\/kayuyin.com\/fr\/wp-json\/wp\/v2\/product\/423\"><input type=\"hidden\" name=\"url_referer\" value=\"\"><button type=\"submit\" name=\"wpforms[submit]\" id=\"wpforms-submit-1440\" class=\"wpforms-submit\" data-alt-text=\"Sending...\" data-submit-text=\"Submit\" aria-live=\"assertive\" value=\"wpforms-submit\">Submit<\/button><img decoding=\"async\" src=\"https:\/\/kayuyin.com\/wp-content\/plugins\/wpforms-lite\/assets\/images\/submit-spin.svg\" class=\"wpforms-submit-spinner\" style=\"display: none;\" width=\"26\" height=\"26\" alt=\"Chargement en cours\"><\/div>\n<\/form>\n<\/div>\n<p>  <!-- .wpforms-container --><\/p>\n","protected":false},"featured_media":1181,"template":"","meta":[],"product_brand":[],"product_cat":[15],"product_tag":[],"class_list":{"0":"post-423","1":"product","2":"type-product","3":"status-publish","4":"has-post-thumbnail","6":"product_cat-ctp","8":"first","9":"instock","10":"taxable","11":"shipping-taxable","12":"product-type-simple"},"jetpack_sharing_enabled":true,"_links":{"self":[{"href":"https:\/\/kayuyin.com\/fr\/wp-json\/wp\/v2\/product\/423","targetHints":{"allow":["GET"]}}],"collection":[{"href":"https:\/\/kayuyin.com\/fr\/wp-json\/wp\/v2\/product"}],"about":[{"href":"https:\/\/kayuyin.com\/fr\/wp-json\/wp\/v2\/types\/product"}],"wp:featuredmedia":[{"embeddable":true,"href":"https:\/\/kayuyin.com\/fr\/wp-json\/wp\/v2\/media\/1181"}],"wp:attachment":[{"href":"https:\/\/kayuyin.com\/fr\/wp-json\/wp\/v2\/media?parent=423"}],"wp:term":[{"taxonomy":"product_brand","embeddable":true,"href":"https:\/\/kayuyin.com\/fr\/wp-json\/wp\/v2\/product_brand?post=423"},{"taxonomy":"product_cat","embeddable":true,"href":"https:\/\/kayuyin.com\/fr\/wp-json\/wp\/v2\/product_cat?post=423"},{"taxonomy":"product_tag","embeddable":true,"href":"https:\/\/kayuyin.com\/fr\/wp-json\/wp\/v2\/product_tag?post=423"}],"curies":[{"name":"wp","href":"https:\/\/api.w.org\/{rel}","templated":true}]}}